{"id":1036,"date":"2023-08-10T20:55:24","date_gmt":"2023-08-10T18:55:24","guid":{"rendered":"https:\/\/weekop.dominicains.com\/?page_id=1036"},"modified":"2025-08-06T12:08:07","modified_gmt":"2025-08-06T10:08:07","slug":"notre-pere","status":"publish","type":"page","link":"https:\/\/weekop.dominicains.com\/index.php\/accueil\/prier\/chapelet\/notre-pere\/","title":{"rendered":"Notre P\u00e8re"},"content":{"rendered":"\n<p>Notre P\u00e8re, qui es aux cieux,<br>que ton nom soit sanctifi\u00e9,<br>que ton r\u00e8gne vienne,<br>que ta volont\u00e9 soit faite sur la terre comme au ciel.<\/p>\n\n\n\n<p>Donne-nous aujourd\u2019hui notre pain de ce jour.<br>Pardonne-nous nos offenses,<br>comme nous pardonnons aussi \u00e0 ceux qui nous ont offens\u00e9s.<br>Et ne nous laisse pas entrer en tentation<br>mais d\u00e9livre-nous du Mal.<\/p>\n\n\n\n<p>Amen.<\/p>\n","protected":false},"excerpt":{"rendered":"<p>Notre P\u00e8re, qui es aux cieux,que ton nom soit sanctifi\u00e9,que ton r\u00e8gne vienne,que ta volont\u00e9 soit faite sur la terre comme au ciel. Donne-nous aujourd\u2019hui notre pain de ce jour.Pardonne-nous nos offenses,comme nous pardonnons aussi \u00e0 ceux qui nous ont offens\u00e9s.Et ne nous laisse pas entrer en tentationmais d\u00e9livre-nous du Mal. Amen.<\/p>\n","protected":false},"author":1,"featured_media":0,"parent":561,"menu_order":0,"comment_status":"closed","ping_status":"closed","template":"","meta":{"footnotes":""},"class_list":["post-1036","page","type-page","status-publish","hentry"],"_links":{"self":[{"href":"https:\/\/weekop.dominicains.com\/index.php\/wp-json\/wp\/v2\/pages\/1036","targetHints":{"allow":["GET"]}}],"collection":[{"href":"https:\/\/weekop.dominicains.com\/index.php\/wp-json\/wp\/v2\/pages"}],"about":[{"href":"https:\/\/weekop.dominicains.com\/index.php\/wp-json\/wp\/v2\/types\/page"}],"author":[{"embeddable":true,"href":"https:\/\/weekop.dominicains.com\/index.php\/wp-json\/wp\/v2\/users\/1"}],"replies":[{"embeddable":true,"href":"https:\/\/weekop.dominicains.com\/index.php\/wp-json\/wp\/v2\/comments?post=1036"}],"version-history":[{"count":1,"href":"https:\/\/weekop.dominicains.com\/index.php\/wp-json\/wp\/v2\/pages\/1036\/revisions"}],"predecessor-version":[{"id":1038,"href":"https:\/\/weekop.dominicains.com\/index.php\/wp-json\/wp\/v2\/pages\/1036\/revisions\/1038"}],"up":[{"embeddable":true,"href":"https:\/\/weekop.dominicains.com\/index.php\/wp-json\/wp\/v2\/pages\/561"}],"wp:attachment":[{"href":"https:\/\/weekop.dominicains.com\/index.php\/wp-json\/wp\/v2\/media?parent=1036"}],"curies":[{"name":"wp","href":"https:\/\/api.w.org\/{rel}","templated":true}]}}