{"id":1039,"date":"2023-08-10T20:56:05","date_gmt":"2023-08-10T18:56:05","guid":{"rendered":"https:\/\/weekop.dominicains.com\/?page_id=1039"},"modified":"2025-08-06T12:07:38","modified_gmt":"2025-08-06T10:07:38","slug":"je-vous-salue-marie","status":"publish","type":"page","link":"https:\/\/weekop.dominicains.com\/index.php\/accueil\/prier\/chapelet\/je-vous-salue-marie\/","title":{"rendered":"Je vous salue Marie"},"content":{"rendered":"\n<p>Je vous salue, Marie pleine de gr\u00e2ce ;<br>Le Seigneur est avec vous.<br>Vous \u00eates b\u00e9nie entre toutes les femmes<br>Et J\u00e9sus, le fruit de vos entrailles, est b\u00e9ni.<br>Sainte Marie, M\u00e8re de Dieu,<br>Priez pour nous pauvres p\u00e9cheurs,<br>Maintenant et \u00e0 l\u2019heure de notre mort.<br>Amen<\/p>\n","protected":false},"excerpt":{"rendered":"<p>Je vous salue, Marie pleine de gr\u00e2ce ;Le Seigneur est avec vous.Vous \u00eates b\u00e9nie entre toutes les femmesEt J\u00e9sus, le fruit de vos entrailles, est b\u00e9ni.Sainte Marie, M\u00e8re de Dieu,Priez pour nous pauvres p\u00e9cheurs,Maintenant et \u00e0 l\u2019heure de notre mort.Amen<\/p>\n","protected":false},"author":1,"featured_media":0,"parent":561,"menu_order":0,"comment_status":"closed","ping_status":"closed","template":"","meta":{"footnotes":""},"class_list":["post-1039","page","type-page","status-publish","hentry"],"_links":{"self":[{"href":"https:\/\/weekop.dominicains.com\/index.php\/wp-json\/wp\/v2\/pages\/1039","targetHints":{"allow":["GET"]}}],"collection":[{"href":"https:\/\/weekop.dominicains.com\/index.php\/wp-json\/wp\/v2\/pages"}],"about":[{"href":"https:\/\/weekop.dominicains.com\/index.php\/wp-json\/wp\/v2\/types\/page"}],"author":[{"embeddable":true,"href":"https:\/\/weekop.dominicains.com\/index.php\/wp-json\/wp\/v2\/users\/1"}],"replies":[{"embeddable":true,"href":"https:\/\/weekop.dominicains.com\/index.php\/wp-json\/wp\/v2\/comments?post=1039"}],"version-history":[{"count":1,"href":"https:\/\/weekop.dominicains.com\/index.php\/wp-json\/wp\/v2\/pages\/1039\/revisions"}],"predecessor-version":[{"id":1040,"href":"https:\/\/weekop.dominicains.com\/index.php\/wp-json\/wp\/v2\/pages\/1039\/revisions\/1040"}],"up":[{"embeddable":true,"href":"https:\/\/weekop.dominicains.com\/index.php\/wp-json\/wp\/v2\/pages\/561"}],"wp:attachment":[{"href":"https:\/\/weekop.dominicains.com\/index.php\/wp-json\/wp\/v2\/media?parent=1039"}],"curies":[{"name":"wp","href":"https:\/\/api.w.org\/{rel}","templated":true}]}}