{"id":1043,"date":"2023-08-10T20:58:06","date_gmt":"2023-08-10T18:58:06","guid":{"rendered":"https:\/\/weekop.dominicains.com\/?page_id=1043"},"modified":"2025-08-06T12:08:08","modified_gmt":"2025-08-06T10:08:08","slug":"priere-de-fatima","status":"publish","type":"page","link":"https:\/\/weekop.dominicains.com\/index.php\/accueil\/prier\/chapelet\/priere-de-fatima\/","title":{"rendered":"Pri\u00e8re de Fatima"},"content":{"rendered":"\n<p>\u00d4 mon J\u00e9sus, pardonnez-nous nos p\u00e9ch\u00e9s,<br>pr\u00e9servez-nous du feu de l&rsquo;enfer,<br>et conduisez au Ciel toutes les \u00e2mes,<br>sp\u00e9cialement celles qui ont le plus besoin de votre mis\u00e9ricorde.<\/p>\n","protected":false},"excerpt":{"rendered":"<p>\u00d4 mon J\u00e9sus, pardonnez-nous nos p\u00e9ch\u00e9s,pr\u00e9servez-nous du feu de l&rsquo;enfer,et conduisez au Ciel toutes les \u00e2mes,sp\u00e9cialement celles qui ont le plus besoin de votre mis\u00e9ricorde.<\/p>\n","protected":false},"author":1,"featured_media":0,"parent":561,"menu_order":0,"comment_status":"closed","ping_status":"closed","template":"","meta":{"footnotes":""},"class_list":["post-1043","page","type-page","status-publish","hentry"],"_links":{"self":[{"href":"https:\/\/weekop.dominicains.com\/index.php\/wp-json\/wp\/v2\/pages\/1043","targetHints":{"allow":["GET"]}}],"collection":[{"href":"https:\/\/weekop.dominicains.com\/index.php\/wp-json\/wp\/v2\/pages"}],"about":[{"href":"https:\/\/weekop.dominicains.com\/index.php\/wp-json\/wp\/v2\/types\/page"}],"author":[{"embeddable":true,"href":"https:\/\/weekop.dominicains.com\/index.php\/wp-json\/wp\/v2\/users\/1"}],"replies":[{"embeddable":true,"href":"https:\/\/weekop.dominicains.com\/index.php\/wp-json\/wp\/v2\/comments?post=1043"}],"version-history":[{"count":1,"href":"https:\/\/weekop.dominicains.com\/index.php\/wp-json\/wp\/v2\/pages\/1043\/revisions"}],"predecessor-version":[{"id":1044,"href":"https:\/\/weekop.dominicains.com\/index.php\/wp-json\/wp\/v2\/pages\/1043\/revisions\/1044"}],"up":[{"embeddable":true,"href":"https:\/\/weekop.dominicains.com\/index.php\/wp-json\/wp\/v2\/pages\/561"}],"wp:attachment":[{"href":"https:\/\/weekop.dominicains.com\/index.php\/wp-json\/wp\/v2\/media?parent=1043"}],"curies":[{"name":"wp","href":"https:\/\/api.w.org\/{rel}","templated":true}]}}