{"id":1057,"date":"2023-08-10T21:37:14","date_gmt":"2023-08-10T19:37:14","guid":{"rendered":"https:\/\/weekop.dominicains.com\/?page_id=1057"},"modified":"2025-08-06T12:07:55","modified_gmt":"2025-08-06T10:07:55","slug":"mysteres-glorieux","status":"publish","type":"page","link":"https:\/\/weekop.dominicains.com\/index.php\/accueil\/prier\/chapelet\/mysteres-glorieux\/","title":{"rendered":"Myst\u00e8res glorieux"},"content":{"rendered":"\n<h2 class=\"wp-block-heading has-background\" style=\"background-color:#ffcc5e\">1er myst\u00e8re glorieux : La R\u00e9surrection<\/h2>\n\n\n\n<h3 class=\"wp-block-heading\">Fruit du myst\u00e8re : La Foi et la conversion<\/h3>\n\n\n\n<blockquote class=\"wp-block-quote is-layout-flow wp-block-quote-is-layout-flow\">\n<p>Le premier jour de la semaine, de grand matin, les femmes se rendirent au s\u00e9pulcre, portant des aromates qu\u2019elles avaient pr\u00e9par\u00e9s. Elles trouv\u00e8rent la pierre roul\u00e9e sur le c\u00f4t\u00e9 du tombeau. Elles entr\u00e8rent, mais ne trouv\u00e8rent pas le corps du Seigneur J\u00e9sus. Elles ne savaient que penser, lorsque deux hommes se pr\u00e9sent\u00e8rent \u00e0 elles, avec un v\u00eatement \u00e9blouissant. Saisies de crainte, elles baissaient le visage vers le sol. Ils leur dirent : \u00ab\u00a0Pourquoi cherchez-vous le Vivant parmi les morts ? Il n\u2019est pas ici, il est ressuscit\u00e9.\u00a0\u00bb<\/p>\n<cite>Lc 24, 1-6<\/cite><\/blockquote>\n\n\n\n<h2 class=\"wp-block-heading has-background\" style=\"background-color:#ffcc5e\">2\u00e8me myst\u00e8re glorieux : L\u2019Ascension<\/h2>\n\n\n\n<h3 class=\"wp-block-heading\">Fruit du myst\u00e8re : L&rsquo;Esp\u00e9rance et le d\u00e9sir du ciel<\/h3>\n\n\n\n<blockquote class=\"wp-block-quote is-layout-flow wp-block-quote-is-layout-flow\">\n<p>Le Seigneur J\u00e9sus, apr\u00e8s leur avoir parl\u00e9, fut enlev\u00e9 au ciel et s\u2019assit \u00e0 la droite de Dieu.<\/p>\n<cite>Mc 16, 19<\/cite><\/blockquote>\n\n\n\n<h2 class=\"wp-block-heading has-background\" style=\"background-color:#ffcc5e\">3\u00e8me myst\u00e8re glorieux : La Pentec\u00f4te<\/h2>\n\n\n\n<h3 class=\"wp-block-heading\">Fruit du myst\u00e8re : La Charit\u00e9 et le z\u00e8le apostolique<\/h3>\n\n\n\n<blockquote class=\"wp-block-quote is-layout-flow wp-block-quote-is-layout-flow\">\n<p>Quand arriva le jour de la Pentec\u00f4te, ils se trouvaient r\u00e9unis tous ensemble. Soudain, il vint du ciel un bruit pareil \u00e0 celui d\u2019un violent coup de vent: toute la maison o\u00f9 ils se tenaient en fut remplie. Ils virent appara\u00eetre comme une sorte de feu qui se partageait en langues et qui se posa sur chacun d\u2019eux. Alors ils furent tous remplis de l\u2019Esprit Saint: ils se mirent \u00e0 parler en d\u2019autres langues, et chacun s\u2019exprimait selon le don de l\u2019Esprit.<\/p>\n<cite>Ac 2, 1-4<\/cite><\/blockquote>\n\n\n\n<h2 class=\"wp-block-heading has-background\" style=\"background-color:#ffcc5e\">4\u00e8me myst\u00e8re glorieux : L&rsquo;Assomption<\/h2>\n\n\n\n<h3 class=\"wp-block-heading\">Fruit du myst\u00e8re : La bonne mort et la d\u00e9votion \u00e0 Marie<\/h3>\n\n\n\n<blockquote class=\"wp-block-quote is-layout-flow wp-block-quote-is-layout-flow\">\n<p>D\u00e9sormais tous les \u00e2ges me diront bienheureuse. Le Puissant fit pour moi des merveilles.<\/p>\n<cite>Lc 1, 48-49<\/cite><\/blockquote>\n\n\n\n<h2 class=\"wp-block-heading has-background\" style=\"background-color:#ffcc5e\">5\u00e8me myst\u00e8re glorieux : Le couronnement de la Vierge<\/h2>\n\n\n\n<h3 class=\"wp-block-heading\">Fruit du myst\u00e8re : La pers\u00e9v\u00e9rance finale et la confiance en Marie<\/h3>\n\n\n\n<blockquote class=\"wp-block-quote is-layout-flow wp-block-quote-is-layout-flow\">\n<p>Un signe grandiose apparut dans le ciel: une Femme, ayant le soleil pour manteau, la lune sous les pieds, et sur la t\u00eate une couronne de douze \u00e9toiles.<\/p>\n<cite>Ap 12, 1<\/cite><\/blockquote>\n","protected":false},"excerpt":{"rendered":"<p>1er myst\u00e8re glorieux : La R\u00e9surrection Fruit du myst\u00e8re : La Foi et la conversion Le premier jour de la semaine, de grand matin, les femmes se rendirent au s\u00e9pulcre, portant des aromates qu\u2019elles avaient pr\u00e9par\u00e9s. Elles trouv\u00e8rent la pierre roul\u00e9e sur le c\u00f4t\u00e9 du tombeau. Elles entr\u00e8rent, mais ne trouv\u00e8rent pas le corps du &hellip; <a href=\"https:\/\/weekop.dominicains.com\/index.php\/accueil\/prier\/chapelet\/mysteres-glorieux\/\" class=\"more-link\">Continuer la lecture<span class=\"screen-reader-text\"> de &laquo;&nbsp;Myst\u00e8res glorieux&nbsp;&raquo;<\/span><\/a><\/p>\n","protected":false},"author":1,"featured_media":0,"parent":561,"menu_order":0,"comment_status":"closed","ping_status":"closed","template":"","meta":{"footnotes":""},"class_list":["post-1057","page","type-page","status-publish","hentry"],"_links":{"self":[{"href":"https:\/\/weekop.dominicains.com\/index.php\/wp-json\/wp\/v2\/pages\/1057","targetHints":{"allow":["GET"]}}],"collection":[{"href":"https:\/\/weekop.dominicains.com\/index.php\/wp-json\/wp\/v2\/pages"}],"about":[{"href":"https:\/\/weekop.dominicains.com\/index.php\/wp-json\/wp\/v2\/types\/page"}],"author":[{"embeddable":true,"href":"https:\/\/weekop.dominicains.com\/index.php\/wp-json\/wp\/v2\/users\/1"}],"replies":[{"embeddable":true,"href":"https:\/\/weekop.dominicains.com\/index.php\/wp-json\/wp\/v2\/comments?post=1057"}],"version-history":[{"count":3,"href":"https:\/\/weekop.dominicains.com\/index.php\/wp-json\/wp\/v2\/pages\/1057\/revisions"}],"predecessor-version":[{"id":1523,"href":"https:\/\/weekop.dominicains.com\/index.php\/wp-json\/wp\/v2\/pages\/1057\/revisions\/1523"}],"up":[{"embeddable":true,"href":"https:\/\/weekop.dominicains.com\/index.php\/wp-json\/wp\/v2\/pages\/561"}],"wp:attachment":[{"href":"https:\/\/weekop.dominicains.com\/index.php\/wp-json\/wp\/v2\/media?parent=1057"}],"curies":[{"name":"wp","href":"https:\/\/api.w.org\/{rel}","templated":true}]}}