{"id":1218,"date":"2024-08-02T12:03:54","date_gmt":"2024-08-02T10:03:54","guid":{"rendered":"https:\/\/weekop.dominicains.com\/?page_id=1218"},"modified":"2025-08-06T16:51:35","modified_gmt":"2025-08-06T14:51:35","slug":"14-aout","status":"publish","type":"page","link":"https:\/\/weekop.dominicains.com\/index.php\/accueil\/programme\/14-aout\/","title":{"rendered":"Jeudi 14 ao\u00fbt"},"content":{"rendered":"\n<p class=\"has-text-align-right\"><em>&#8211; S. Maximilien Kolbe<\/em><\/p>\n\n\n\n<div class=\"wp-block-group\"><div class=\"wp-block-group__inner-container is-layout-constrained wp-block-group-is-layout-constrained\">\n<div class=\"wp-block-columns are-vertically-aligned-center is-not-stacked-on-mobile is-layout-flex wp-container-core-columns-is-layout-9d6595d7 wp-block-columns-is-layout-flex\">\n<div class=\"wp-block-column is-vertically-aligned-center is-layout-flow wp-block-column-is-layout-flow\" style=\"flex-basis:25%\">\n<p class=\"has-text-align-center\">9h<\/p>\n<\/div>\n\n\n\n<div class=\"wp-block-column is-vertically-aligned-center is-layout-flow wp-block-column-is-layout-flow\" style=\"flex-basis:75%\">\n<p><a href=\"https:\/\/www.aelf.org\/2025-08-14\/romain\/laudes\" target=\"_blank\" rel=\"noreferrer noopener\">Laudes<\/a><\/p>\n<\/div>\n<\/div>\n\n\n\n<div class=\"wp-block-columns are-vertically-aligned-center is-not-stacked-on-mobile is-layout-flex wp-container-core-columns-is-layout-9d6595d7 wp-block-columns-is-layout-flex\">\n<div class=\"wp-block-column is-vertically-aligned-center is-layout-flow wp-block-column-is-layout-flow\" style=\"flex-basis:25%\">\n<p class=\"has-text-align-center\">9h30<\/p>\n<\/div>\n\n\n\n<div class=\"wp-block-column is-vertically-aligned-center is-layout-flow wp-block-column-is-layout-flow\" style=\"flex-basis:75%\">\n<p><a href=\"https:\/\/www.aelf.org\/2025-08-14\/romain\/messe\" target=\"_blank\" rel=\"noreferrer noopener\">Messe<\/a><\/p>\n<\/div>\n<\/div>\n\n\n\n<div class=\"wp-block-columns is-not-stacked-on-mobile is-layout-flex wp-container-core-columns-is-layout-9d6595d7 wp-block-columns-is-layout-flex\">\n<div class=\"wp-block-column is-vertically-aligned-center is-layout-flow wp-block-column-is-layout-flow\" style=\"flex-basis:25%\">\n<p class=\"has-text-align-center has-text-color has-link-color wp-elements-f426ae1ce791e54197b9ba8381ba0afb\" style=\"color:#ec53a8\"><strong>Journ\u00e9e<\/strong><\/p>\n<\/div>\n\n\n\n<div class=\"wp-block-column is-vertically-aligned-center has-text-color has-link-color wp-elements-108a5f6ca4e7579f7a15b39c97712571 is-layout-flow wp-block-column-is-layout-flow\" style=\"color:#ec53a8;flex-basis:75%\">\n<p><a href=\"https:\/\/weekop.dominicains.com\/index.php\/accueil\/se-former\/ecole-de-priere\/\">Ecole de pri\u00e8re<br><\/a><em>Pour les enfants<\/em><\/p>\n<\/div>\n<\/div>\n\n\n\n<div class=\"wp-block-columns are-vertically-aligned-center is-not-stacked-on-mobile is-layout-flex wp-container-core-columns-is-layout-9d6595d7 wp-block-columns-is-layout-flex\">\n<div class=\"wp-block-column is-vertically-aligned-center is-layout-flow wp-block-column-is-layout-flow\" style=\"flex-basis:25%\">\n<p class=\"has-text-align-center\">10h15<\/p>\n<\/div>\n\n\n\n<div class=\"wp-block-column is-vertically-aligned-center is-layout-flow wp-block-column-is-layout-flow\" style=\"flex-basis:75%\">\n<p><a href=\"https:\/\/weekop.dominicains.com\/index.php\/accueil\/se-former\/retraite-spirituelle\/\">Retraite spirituelle<\/a><\/p>\n<\/div>\n<\/div>\n\n\n\n<div class=\"wp-block-columns are-vertically-aligned-center is-not-stacked-on-mobile is-layout-flex wp-container-core-columns-is-layout-9d6595d7 wp-block-columns-is-layout-flex\">\n<div class=\"wp-block-column is-vertically-aligned-center is-layout-flow wp-block-column-is-layout-flow\" style=\"flex-basis:25%\">\n<p class=\"has-text-align-center\">10h15<\/p>\n<\/div>\n\n\n\n<div class=\"wp-block-column is-vertically-aligned-center is-layout-flow wp-block-column-is-layout-flow\" style=\"flex-basis:75%\">\n<p><a href=\"https:\/\/weekop.dominicains.com\/index.php\/accueil\/prier\/adorations\/\">Adoration<\/a> et <a href=\"https:\/\/weekop.dominicains.com\/index.php\/accueil\/prier\/confessions\/\" data-type=\"link\" data-id=\"https:\/\/weekop.dominicains.com\/index.php\/accueil\/prier\/confessions\/\">confessions<\/a><\/p>\n<\/div>\n<\/div>\n\n\n\n<div class=\"wp-block-columns are-vertically-aligned-center is-not-stacked-on-mobile is-layout-flex wp-container-core-columns-is-layout-9d6595d7 wp-block-columns-is-layout-flex\">\n<div class=\"wp-block-column is-layout-flow wp-block-column-is-layout-flow\" style=\"flex-basis:25%\">\n<p class=\"has-text-align-center\">12h<\/p>\n<\/div>\n\n\n\n<div class=\"wp-block-column is-layout-flow wp-block-column-is-layout-flow\" style=\"flex-basis:75%\">\n<p><a href=\"https:\/\/weekop.dominicains.com\/index.php\/accueil\/prier\/chapelet\/\">Chapelet<\/a><\/p>\n<\/div>\n<\/div>\n\n\n\n<div class=\"wp-block-columns are-vertically-aligned-center is-not-stacked-on-mobile is-layout-flex wp-container-core-columns-is-layout-9d6595d7 wp-block-columns-is-layout-flex\">\n<div class=\"wp-block-column is-layout-flow wp-block-column-is-layout-flow\" style=\"flex-basis:25%\">\n<p class=\"has-text-align-center\">14h45<\/p>\n<\/div>\n\n\n\n<div class=\"wp-block-column is-layout-flow wp-block-column-is-layout-flow\" style=\"flex-basis:75%\">\n<p><a href=\"https:\/\/weekop.dominicains.com\/index.php\/predication-au-feminin\/\">Pr\u00e9dication au F\u00e9minin<\/a><\/p>\n<\/div>\n<\/div>\n<\/div><\/div>\n\n\n\n<div class=\"wp-block-columns is-not-stacked-on-mobile is-layout-flex wp-container-core-columns-is-layout-9d6595d7 wp-block-columns-is-layout-flex\">\n<div class=\"wp-block-column is-vertically-aligned-center is-layout-flow wp-block-column-is-layout-flow\" style=\"flex-basis:25%\">\n<p class=\"has-text-align-center\">15h30<\/p>\n<\/div>\n\n\n\n<div class=\"wp-block-column is-vertically-aligned-center is-layout-flow wp-block-column-is-layout-flow\" style=\"flex-basis:75%\">\n<p><a href=\"https:\/\/weekop.dominicains.com\/index.php\/accueil\/se-divertir\/lapres-midi\/\">Toutes nos activit\u00e9s<\/a><\/p>\n<\/div>\n<\/div>\n\n\n\n<div class=\"wp-block-columns are-vertically-aligned-center is-not-stacked-on-mobile is-layout-flex wp-container-core-columns-is-layout-9d6595d7 wp-block-columns-is-layout-flex\">\n<div class=\"wp-block-column is-vertically-aligned-center is-layout-flow wp-block-column-is-layout-flow\" style=\"flex-basis:25%\">\n<p class=\"has-text-align-center\">18h<\/p>\n<\/div>\n\n\n\n<div class=\"wp-block-column is-vertically-aligned-center is-layout-flow wp-block-column-is-layout-flow\" style=\"flex-basis:75%\">\n<p><a href=\"https:\/\/weekop.dominicains.com\/index.php\/accueil\/prier\/adorations\/\">Adoration<\/a> et <a href=\"https:\/\/weekop.dominicains.com\/index.php\/accueil\/prier\/confessions\/\" data-type=\"link\" data-id=\"https:\/\/weekop.dominicains.com\/index.php\/accueil\/prier\/confessions\/\">confessions<\/a><\/p>\n<\/div>\n<\/div>\n\n\n\n<div class=\"wp-block-columns are-vertically-aligned-center is-not-stacked-on-mobile is-layout-flex wp-container-core-columns-is-layout-9d6595d7 wp-block-columns-is-layout-flex\">\n<div class=\"wp-block-column is-vertically-aligned-center is-layout-flow wp-block-column-is-layout-flow\" style=\"flex-basis:25%\">\n<p class=\"has-text-align-center\">19h<\/p>\n<\/div>\n\n\n\n<div class=\"wp-block-column is-vertically-aligned-center is-layout-flow wp-block-column-is-layout-flow\" style=\"flex-basis:75%\">\n<p><a href=\"https:\/\/www.aelf.org\/2025-08-14\/romain\/vepres\" target=\"_blank\" rel=\"noreferrer noopener\">V\u00eapres<\/a><\/p>\n<\/div>\n<\/div>\n\n\n\n<div class=\"wp-block-columns are-vertically-aligned-center is-not-stacked-on-mobile is-layout-flex wp-container-core-columns-is-layout-9d6595d7 wp-block-columns-is-layout-flex\">\n<div class=\"wp-block-column is-vertically-aligned-center is-layout-flow wp-block-column-is-layout-flow\" style=\"flex-basis:25%\">\n<p class=\"has-text-align-center\">19h30<\/p>\n<\/div>\n\n\n\n<div class=\"wp-block-column is-vertically-aligned-center is-layout-flow wp-block-column-is-layout-flow\" style=\"flex-basis:75%\">\n<p><a href=\"https:\/\/weekop.dominicains.com\/index.php\/apero-topo\/\">Ap\u00e9ro topo<\/a><\/p>\n<\/div>\n<\/div>\n\n\n\n<h4 class=\"wp-block-heading has-text-align-center has-text-color has-link-color wp-elements-4bd01455f7f45135f38d6e4f5109bd53\" style=\"color:#153f6a\">Vigiles de l&rsquo;Assomption<\/h4>\n\n\n\n<div class=\"wp-block-group has-white-color has-text-color has-background has-link-color wp-elements-fd019e00587605e75c36682b61a3ea40\" style=\"background-color:#153f6a\"><div class=\"wp-block-group__inner-container is-layout-constrained wp-block-group-is-layout-constrained\">\n<div class=\"wp-block-columns are-vertically-aligned-center is-not-stacked-on-mobile is-layout-flex wp-container-core-columns-is-layout-9d6595d7 wp-block-columns-is-layout-flex\">\n<div class=\"wp-block-column is-vertically-aligned-center is-layout-flow wp-block-column-is-layout-flow\" style=\"flex-basis:25%\">\n<p class=\"has-text-align-center\">21h<\/p>\n<\/div>\n\n\n\n<div class=\"wp-block-column is-vertically-aligned-center is-layout-flow wp-block-column-is-layout-flow\" style=\"flex-basis:75%\">\n<p><a href=\"https:\/\/www.aelf.org\/2025-08-15\/romain\/messe\" target=\"_blank\" rel=\"noreferrer noopener\">Messe<\/a> de Vigiles de l&rsquo;Assomption<br>Procession mariale <a href=\"https:\/\/maps.app.goo.gl\/QeWJuaWobVv7xXnL8\">\u27bd<\/a><\/p>\n<\/div>\n<\/div>\n<\/div><\/div>\n\n\n\n<div class=\"wp-block-columns are-vertically-aligned-center is-not-stacked-on-mobile is-layout-flex wp-container-core-columns-is-layout-9d6595d7 wp-block-columns-is-layout-flex\">\n<div class=\"wp-block-column is-vertically-aligned-center is-layout-flow wp-block-column-is-layout-flow\" style=\"flex-basis:25%\">\n<p class=\"has-text-align-center\">23h30<\/p>\n<\/div>\n\n\n\n<div class=\"wp-block-column is-vertically-aligned-center is-layout-flow wp-block-column-is-layout-flow\" style=\"flex-basis:75%\">\n<p><a href=\"https:\/\/www.aelf.org\/2025-08-14\/romain\/complies\" target=\"_blank\" rel=\"noreferrer noopener\">Complies<\/a><\/p>\n<\/div>\n<\/div>\n\n\n\n<div class=\"wp-block-columns are-vertically-aligned-center is-not-stacked-on-mobile has-white-color has-text-color has-background has-link-color wp-elements-56dd9e414ccff430a102f2fb3d4b7133 is-layout-flex wp-container-core-columns-is-layout-9d6595d7 wp-block-columns-is-layout-flex\" style=\"background-color:#153f6a\">\n<div class=\"wp-block-column is-vertically-aligned-center is-layout-flow wp-block-column-is-layout-flow\" style=\"flex-basis:25%\">\n<p class=\"has-text-align-center\">Nuit<\/p>\n<\/div>\n\n\n\n<div class=\"wp-block-column is-vertically-aligned-center is-layout-flow wp-block-column-is-layout-flow\" style=\"flex-basis:75%\">\n<p><a href=\"https:\/\/weekop.dominicains.com\/index.php\/accueil\/prier\/adorations\/\">Les veilleurs<\/a><br><em>Adoration nocturne<\/em><\/p>\n<\/div>\n<\/div>\n\n\n\n<div class=\"wp-block-columns is-layout-flex wp-container-core-columns-is-layout-9d6595d7 wp-block-columns-is-layout-flex\">\n<div class=\"wp-block-column is-layout-flow wp-block-column-is-layout-flow\"><\/div>\n<\/div>\n\n\n\n<p><\/p>\n","protected":false},"excerpt":{"rendered":"<p>&#8211; S. Maximilien Kolbe 9h Laudes 9h30 Messe Journ\u00e9e Ecole de pri\u00e8rePour les enfants 10h15 Retraite spirituelle 10h15 Adoration et confessions 12h Chapelet 14h45 Pr\u00e9dication au F\u00e9minin 15h30 Toutes nos activit\u00e9s 18h Adoration et confessions 19h V\u00eapres 19h30 Ap\u00e9ro topo Vigiles de l&rsquo;Assomption 21h Messe de Vigiles de l&rsquo;AssomptionProcession mariale \u27bd 23h30 Complies Nuit Les &hellip; <a href=\"https:\/\/weekop.dominicains.com\/index.php\/accueil\/programme\/14-aout\/\" class=\"more-link\">Continuer la lecture<span class=\"screen-reader-text\"> de &laquo;&nbsp;Jeudi 14 ao\u00fbt&nbsp;&raquo;<\/span><\/a><\/p>\n","protected":false},"author":1,"featured_media":0,"parent":401,"menu_order":0,"comment_status":"closed","ping_status":"closed","template":"","meta":{"footnotes":""},"class_list":["post-1218","page","type-page","status-publish","hentry"],"_links":{"self":[{"href":"https:\/\/weekop.dominicains.com\/index.php\/wp-json\/wp\/v2\/pages\/1218","targetHints":{"allow":["GET"]}}],"collection":[{"href":"https:\/\/weekop.dominicains.com\/index.php\/wp-json\/wp\/v2\/pages"}],"about":[{"href":"https:\/\/weekop.dominicains.com\/index.php\/wp-json\/wp\/v2\/types\/page"}],"author":[{"embeddable":true,"href":"https:\/\/weekop.dominicains.com\/index.php\/wp-json\/wp\/v2\/users\/1"}],"replies":[{"embeddable":true,"href":"https:\/\/weekop.dominicains.com\/index.php\/wp-json\/wp\/v2\/comments?post=1218"}],"version-history":[{"count":19,"href":"https:\/\/weekop.dominicains.com\/index.php\/wp-json\/wp\/v2\/pages\/1218\/revisions"}],"predecessor-version":[{"id":1693,"href":"https:\/\/weekop.dominicains.com\/index.php\/wp-json\/wp\/v2\/pages\/1218\/revisions\/1693"}],"up":[{"embeddable":true,"href":"https:\/\/weekop.dominicains.com\/index.php\/wp-json\/wp\/v2\/pages\/401"}],"wp:attachment":[{"href":"https:\/\/weekop.dominicains.com\/index.php\/wp-json\/wp\/v2\/media?parent=1218"}],"curies":[{"name":"wp","href":"https:\/\/api.w.org\/{rel}","templated":true}]}}