{"id":1362,"date":"2024-08-05T19:35:42","date_gmt":"2024-08-05T17:35:42","guid":{"rendered":"https:\/\/weekop.dominicains.com\/?page_id=1362"},"modified":"2025-08-06T12:05:50","modified_gmt":"2025-08-06T10:05:50","slug":"les-grands-jo-du-moulleau","status":"publish","type":"page","link":"https:\/\/weekop.dominicains.com\/index.php\/accueil\/se-divertir\/les-grands-jo-du-moulleau\/","title":{"rendered":"Les Grands JO du Moulleau"},"content":{"rendered":"\n<h4 class=\"wp-block-heading has-text-align-center has-text-color has-link-color wp-elements-8765cda079a664e35fbb98ecaaeed017\" style=\"color:#ffbb30\"><em>Citius, Altius, Fortius\u2026 SANCTIUS !<\/em><\/h4>\n\n\n\n<p>Retrouvez-nous le <strong>vendredi 15 ao\u00fbt<\/strong> d\u00e8s <strong>15h30 <\/strong>sur la plage du Moulleau pour participer aux <strong>Grands JO du Moulleau<\/strong> !<\/p>\n\n\n\n<p>Des tournois sportifs seront propos\u00e9s avec de nombreux lots \u00e0 gagner !<\/p>\n\n\n\n<p class=\"has-text-align-right\"><em>Participation gratuite<\/em><\/p>\n\n\n\n<p><\/p>\n","protected":false},"excerpt":{"rendered":"<p>Citius, Altius, Fortius\u2026 SANCTIUS ! Retrouvez-nous le vendredi 15 ao\u00fbt d\u00e8s 15h30 sur la plage du Moulleau pour participer aux Grands JO du Moulleau ! Des tournois sportifs seront propos\u00e9s avec de nombreux lots \u00e0 gagner ! Participation gratuite<\/p>\n","protected":false},"author":1,"featured_media":0,"parent":573,"menu_order":0,"comment_status":"closed","ping_status":"closed","template":"","meta":{"footnotes":""},"class_list":["post-1362","page","type-page","status-publish","hentry"],"_links":{"self":[{"href":"https:\/\/weekop.dominicains.com\/index.php\/wp-json\/wp\/v2\/pages\/1362","targetHints":{"allow":["GET"]}}],"collection":[{"href":"https:\/\/weekop.dominicains.com\/index.php\/wp-json\/wp\/v2\/pages"}],"about":[{"href":"https:\/\/weekop.dominicains.com\/index.php\/wp-json\/wp\/v2\/types\/page"}],"author":[{"embeddable":true,"href":"https:\/\/weekop.dominicains.com\/index.php\/wp-json\/wp\/v2\/users\/1"}],"replies":[{"embeddable":true,"href":"https:\/\/weekop.dominicains.com\/index.php\/wp-json\/wp\/v2\/comments?post=1362"}],"version-history":[{"count":5,"href":"https:\/\/weekop.dominicains.com\/index.php\/wp-json\/wp\/v2\/pages\/1362\/revisions"}],"predecessor-version":[{"id":1648,"href":"https:\/\/weekop.dominicains.com\/index.php\/wp-json\/wp\/v2\/pages\/1362\/revisions\/1648"}],"up":[{"embeddable":true,"href":"https:\/\/weekop.dominicains.com\/index.php\/wp-json\/wp\/v2\/pages\/573"}],"wp:attachment":[{"href":"https:\/\/weekop.dominicains.com\/index.php\/wp-json\/wp\/v2\/media?parent=1362"}],"curies":[{"name":"wp","href":"https:\/\/api.w.org\/{rel}","templated":true}]}}