{"id":141,"date":"2019-08-01T16:04:29","date_gmt":"2019-08-01T14:04:29","guid":{"rendered":"http:\/\/weekop.dominicains.com\/?page_id=141"},"modified":"2025-08-06T12:04:28","modified_gmt":"2025-08-06T10:04:28","slug":"qui-sommes-nous","status":"publish","type":"page","link":"https:\/\/weekop.dominicains.com\/index.php\/accueil\/qui-sommes-nous\/","title":{"rendered":"Qui sommes-nous ?"},"content":{"rendered":"\n<p class=\"has-drop-cap\">Depuis plus de 15 ans, la famille dominicaine (fr\u00e8res, s\u0153urs&nbsp;et la\u00efcs), accompagn\u00e9es d&rsquo;une joyeuse \u00e9quipe de volontaires, animent autour du 15 ao\u00fbt au Moulleau (\u00e9glise Notre-Dame-des-Passes) une semaine de r\u00e9jouissances <em>spirituelles <\/em>(messes, offices, adorations, confessions&#8230;), <em>sportives<\/em> (tant pour les muscles des bras : activit\u00e9s de plage&#8230; , que pour les muscles de la t\u00eates : conf\u00e9rences&#8230;), et <em>gastronomiques <\/em>(d\u00eener des moines, caf\u00e9&#8230;).<\/p>\n\n\n\n<div class=\"wp-block-buttons is-content-justification-center is-layout-flex wp-container-core-buttons-is-layout-16018d1d wp-block-buttons-is-layout-flex\">\n<div class=\"wp-block-button is-style-fill\"><a class=\"wp-block-button__link has-luminous-vivid-amber-to-luminous-vivid-orange-gradient-background has-background wp-element-button\" href=\"https:\/\/weekop.dominicains.com\/index.php\/accueil\/qui-sommes-nous\/les-dominicains\/\">Les dominicains<\/a><\/div>\n\n\n\n<div class=\"wp-block-button is-style-fill\"><a class=\"wp-block-button__link has-luminous-vivid-amber-to-luminous-vivid-orange-gradient-background has-background wp-element-button\" href=\"https:\/\/weekop.dominicains.com\/index.php\/accueil\/qui-sommes-nous\/eglise-notre-dame-des-passes\/\">\u00c9glise Notre-Dame-des-Passes<\/a><\/div>\n<\/div>\n","protected":false},"excerpt":{"rendered":"<p>Depuis plus de 15 ans, la famille dominicaine (fr\u00e8res, s\u0153urs&nbsp;et la\u00efcs), accompagn\u00e9es d&rsquo;une joyeuse \u00e9quipe de volontaires, animent autour du 15 ao\u00fbt au Moulleau (\u00e9glise Notre-Dame-des-Passes) une semaine de r\u00e9jouissances spirituelles (messes, offices, adorations, confessions&#8230;), sportives (tant pour les muscles des bras : activit\u00e9s de plage&#8230; , que pour les muscles de la t\u00eates : &hellip; <a href=\"https:\/\/weekop.dominicains.com\/index.php\/accueil\/qui-sommes-nous\/\" class=\"more-link\">Continuer la lecture<span class=\"screen-reader-text\"> de &laquo;&nbsp;Qui sommes-nous ?&nbsp;&raquo;<\/span><\/a><\/p>\n","protected":false},"author":1,"featured_media":0,"parent":7,"menu_order":0,"comment_status":"closed","ping_status":"closed","template":"","meta":{"footnotes":""},"class_list":["post-141","page","type-page","status-publish","hentry"],"_links":{"self":[{"href":"https:\/\/weekop.dominicains.com\/index.php\/wp-json\/wp\/v2\/pages\/141","targetHints":{"allow":["GET"]}}],"collection":[{"href":"https:\/\/weekop.dominicains.com\/index.php\/wp-json\/wp\/v2\/pages"}],"about":[{"href":"https:\/\/weekop.dominicains.com\/index.php\/wp-json\/wp\/v2\/types\/page"}],"author":[{"embeddable":true,"href":"https:\/\/weekop.dominicains.com\/index.php\/wp-json\/wp\/v2\/users\/1"}],"replies":[{"embeddable":true,"href":"https:\/\/weekop.dominicains.com\/index.php\/wp-json\/wp\/v2\/comments?post=141"}],"version-history":[{"count":34,"href":"https:\/\/weekop.dominicains.com\/index.php\/wp-json\/wp\/v2\/pages\/141\/revisions"}],"predecessor-version":[{"id":1646,"href":"https:\/\/weekop.dominicains.com\/index.php\/wp-json\/wp\/v2\/pages\/141\/revisions\/1646"}],"up":[{"embeddable":true,"href":"https:\/\/weekop.dominicains.com\/index.php\/wp-json\/wp\/v2\/pages\/7"}],"wp:attachment":[{"href":"https:\/\/weekop.dominicains.com\/index.php\/wp-json\/wp\/v2\/media?parent=141"}],"curies":[{"name":"wp","href":"https:\/\/api.w.org\/{rel}","templated":true}]}}