{"id":1529,"date":"2025-05-28T11:26:24","date_gmt":"2025-05-28T09:26:24","guid":{"rendered":"https:\/\/weekop.dominicains.com\/?page_id=1529"},"modified":"2025-05-28T14:30:28","modified_gmt":"2025-05-28T12:30:28","slug":"crosssablechallenge","status":"publish","type":"page","link":"https:\/\/weekop.dominicains.com\/index.php\/crosssablechallenge\/","title":{"rendered":"Cross Sable Challenge"},"content":{"rendered":"<div class=\"wp-block-image\">\n<figure class=\"aligncenter size-full\"><img loading=\"lazy\" decoding=\"async\" width=\"595\" height=\"842\" src=\"https:\/\/weekop.dominicains.com\/wp-content\/uploads\/2025\/05\/Affiche_CrosSable_25.jpg\" alt=\"\" class=\"wp-image-1534\" srcset=\"https:\/\/weekop.dominicains.com\/wp-content\/uploads\/2025\/05\/Affiche_CrosSable_25.jpg 595w, https:\/\/weekop.dominicains.com\/wp-content\/uploads\/2025\/05\/Affiche_CrosSable_25-212x300.jpg 212w\" sizes=\"auto, (max-width: 595px) 85vw, 595px\" \/><\/figure>\n<\/div>\n\n\n<p><strong>Le Cross Sable Challenge est une course nature p\u00e9destre, sur le littoral, alternant entre sable et route. Elle est organis\u00e9e au profit des pompiers par l\u2019Association Praedication dans le cadre de son \u00e9v\u00e8nement de la Week\u2019Op au Moulleau. Cette premi\u00e8re \u00e9dition se tiendra le lundi 11 ao\u00fbt 2025.<\/strong><\/p>\n\n\n\n<div class=\"wp-block-buttons is-content-justification-center is-layout-flex wp-container-core-buttons-is-layout-16018d1d wp-block-buttons-is-layout-flex\">\n<div class=\"wp-block-button is-style-fill\"><a class=\"wp-block-button__link has-text-color has-background has-link-color wp-element-button\" href=\"https:\/\/chrono-start.com\/events\/cross-sable-challenge\/\" style=\"color:#f7c030;background-color:#013c5a\" target=\"_blank\" rel=\"noreferrer noopener\">S&rsquo;inscrire<\/a><\/div>\n<\/div>\n\n\n\n<p><\/p>\n","protected":false},"excerpt":{"rendered":"<p>Le Cross Sable Challenge est une course nature p\u00e9destre, sur le littoral, alternant entre sable et route. Elle est organis\u00e9e au profit des pompiers par l\u2019Association Praedication dans le cadre de son \u00e9v\u00e8nement de la Week\u2019Op au Moulleau. Cette premi\u00e8re \u00e9dition se tiendra le lundi 11 ao\u00fbt 2025.<\/p>\n","protected":false},"author":1,"featured_media":0,"parent":0,"menu_order":0,"comment_status":"closed","ping_status":"closed","template":"","meta":{"footnotes":""},"class_list":["post-1529","page","type-page","status-publish","hentry"],"_links":{"self":[{"href":"https:\/\/weekop.dominicains.com\/index.php\/wp-json\/wp\/v2\/pages\/1529","targetHints":{"allow":["GET"]}}],"collection":[{"href":"https:\/\/weekop.dominicains.com\/index.php\/wp-json\/wp\/v2\/pages"}],"about":[{"href":"https:\/\/weekop.dominicains.com\/index.php\/wp-json\/wp\/v2\/types\/page"}],"author":[{"embeddable":true,"href":"https:\/\/weekop.dominicains.com\/index.php\/wp-json\/wp\/v2\/users\/1"}],"replies":[{"embeddable":true,"href":"https:\/\/weekop.dominicains.com\/index.php\/wp-json\/wp\/v2\/comments?post=1529"}],"version-history":[{"count":3,"href":"https:\/\/weekop.dominicains.com\/index.php\/wp-json\/wp\/v2\/pages\/1529\/revisions"}],"predecessor-version":[{"id":1538,"href":"https:\/\/weekop.dominicains.com\/index.php\/wp-json\/wp\/v2\/pages\/1529\/revisions\/1538"}],"wp:attachment":[{"href":"https:\/\/weekop.dominicains.com\/index.php\/wp-json\/wp\/v2\/media?parent=1529"}],"curies":[{"name":"wp","href":"https:\/\/api.w.org\/{rel}","templated":true}]}}