{"id":1616,"date":"2025-08-06T11:26:03","date_gmt":"2025-08-06T09:26:03","guid":{"rendered":"https:\/\/weekop.dominicains.com\/?page_id=1616"},"modified":"2025-08-11T16:44:20","modified_gmt":"2025-08-11T14:44:20","slug":"ecole-de-priere","status":"publish","type":"page","link":"https:\/\/weekop.dominicains.com\/index.php\/accueil\/se-former\/ecole-de-priere\/","title":{"rendered":"Ecole de pri\u00e8re"},"content":{"rendered":"\n<p>Vous ne savez pas comment initier vos enfants \u00e0 la pri\u00e8re ?<br>Nous proposons \u00e0 vos enfants, non pas un mais deux jours complets,<br>pour faire l\u2019exp\u00e9rience d\u2019un c\u0153ur \u00e0 c\u0153ur avec J\u00e9sus.<\/p>\n\n\n\n<p><em>Pour les 6 &#8211; 12 ans.<\/em><\/p>\n\n\n\n<div class=\"wp-block-buttons is-content-justification-center is-layout-flex wp-container-core-buttons-is-layout-16018d1d wp-block-buttons-is-layout-flex\">\n<div class=\"wp-block-button is-style-fill\"><a class=\"wp-block-button__link has-luminous-vivid-amber-to-luminous-vivid-orange-gradient-background has-background wp-element-button\" href=\"https:\/\/docs.google.com\/forms\/d\/e\/1FAIpQLSeU0Q3GQ_WfEXCmdh4B1_-12M_i-I7Tws9nPTvLWy-vS0X3iQ\/viewform?usp=dialog\">Inscriptions<\/a><\/div>\n<\/div>\n","protected":false},"excerpt":{"rendered":"<p>Vous ne savez pas comment initier vos enfants \u00e0 la pri\u00e8re ?Nous proposons \u00e0 vos enfants, non pas un mais deux jours complets,pour faire l\u2019exp\u00e9rience d\u2019un c\u0153ur \u00e0 c\u0153ur avec J\u00e9sus. Pour les 6 &#8211; 12 ans.<\/p>\n","protected":false},"author":1,"featured_media":0,"parent":450,"menu_order":0,"comment_status":"closed","ping_status":"closed","template":"","meta":{"footnotes":""},"class_list":["post-1616","page","type-page","status-publish","hentry"],"_links":{"self":[{"href":"https:\/\/weekop.dominicains.com\/index.php\/wp-json\/wp\/v2\/pages\/1616","targetHints":{"allow":["GET"]}}],"collection":[{"href":"https:\/\/weekop.dominicains.com\/index.php\/wp-json\/wp\/v2\/pages"}],"about":[{"href":"https:\/\/weekop.dominicains.com\/index.php\/wp-json\/wp\/v2\/types\/page"}],"author":[{"embeddable":true,"href":"https:\/\/weekop.dominicains.com\/index.php\/wp-json\/wp\/v2\/users\/1"}],"replies":[{"embeddable":true,"href":"https:\/\/weekop.dominicains.com\/index.php\/wp-json\/wp\/v2\/comments?post=1616"}],"version-history":[{"count":2,"href":"https:\/\/weekop.dominicains.com\/index.php\/wp-json\/wp\/v2\/pages\/1616\/revisions"}],"predecessor-version":[{"id":1657,"href":"https:\/\/weekop.dominicains.com\/index.php\/wp-json\/wp\/v2\/pages\/1616\/revisions\/1657"}],"up":[{"embeddable":true,"href":"https:\/\/weekop.dominicains.com\/index.php\/wp-json\/wp\/v2\/pages\/450"}],"wp:attachment":[{"href":"https:\/\/weekop.dominicains.com\/index.php\/wp-json\/wp\/v2\/media?parent=1616"}],"curies":[{"name":"wp","href":"https:\/\/api.w.org\/{rel}","templated":true}]}}