{"id":379,"date":"2023-08-02T11:06:35","date_gmt":"2023-08-02T09:06:35","guid":{"rendered":"https:\/\/weekop.dominicains.com\/?page_id=379"},"modified":"2025-08-11T16:44:50","modified_gmt":"2025-08-11T14:44:50","slug":"predication-au-feminin","status":"publish","type":"page","link":"https:\/\/weekop.dominicains.com\/index.php\/accueil\/se-former\/predication-au-feminin\/","title":{"rendered":"Pr\u00e9dication au f\u00e9minin"},"content":{"rendered":"\n<p>Une pr\u00e9dication pens\u00e9e par des femmes, donn\u00e9e par des femmes, \u00e0 destination des femmes\u2026 et des hommes !<\/p>\n\n\n\n<p>Les pr\u00e9dication au f\u00e9minin ont lieu \u00e0 14h45 sur le parvis de l&rsquo;\u00e9glise Notre-Dame-des-Passes <a href=\"https:\/\/goo.gl\/maps\/cz9d15TEbXPP2Ba67\">\u27bd<\/a><\/p>\n\n\n\n<h2 class=\"wp-block-heading has-text-align-center has-text-color has-link-color wp-elements-6383b7736d9ab45197c87978720a6599\" style=\"color:#ffbb30\">La beaut\u00e9 au quotidien<\/h2>\n\n\n\n<h3 class=\"wp-block-heading has-text-align-center has-white-color has-luminous-vivid-amber-to-luminous-vivid-orange-gradient-background has-text-color has-background has-link-color wp-elements-53dc6534890af2e1e377e982c612124a\">Vendredi 8 ao\u00fbt<\/h3>\n\n\n\n<blockquote class=\"wp-block-quote is-layout-flow wp-block-quote-is-layout-flow\">\n<p><\/p>\n<\/blockquote>\n\n\n\n<h3 class=\"wp-block-heading has-text-align-center has-white-color has-luminous-vivid-amber-to-luminous-vivid-orange-gradient-background has-text-color has-background has-link-color wp-elements-ff891baa9712e9985f8f870fb535a33e\">Samedi 9ao\u00fbt<\/h3>\n\n\n\n<blockquote class=\"wp-block-quote is-layout-flow wp-block-quote-is-layout-flow\">\n<p><\/p>\n<\/blockquote>\n\n\n\n<h3 class=\"wp-block-heading has-text-align-center has-white-color has-luminous-vivid-amber-to-luminous-vivid-orange-gradient-background has-text-color has-background has-link-color wp-elements-40d17fc3d46a161bb8cb587586f32f1d\">Dimanche 1ao\u00fbt<\/h3>\n\n\n\n<blockquote class=\"wp-block-quote has-text-align-left is-layout-flow wp-block-quote-is-layout-flow\">\n<p><\/p>\n<\/blockquote>\n\n\n\n<h3 class=\"wp-block-heading has-text-align-center has-white-color has-luminous-vivid-amber-to-luminous-vivid-orange-gradient-background has-text-color has-background has-link-color wp-elements-ab0d8254b16eec7f26590532ba9285a3\">Lundi 11 ao\u00fbt<\/h3>\n\n\n\n<blockquote class=\"wp-block-quote is-layout-flow wp-block-quote-is-layout-flow\">\n<p><\/p>\n<\/blockquote>\n\n\n\n<h3 class=\"wp-block-heading has-text-align-center has-white-color has-luminous-vivid-amber-to-luminous-vivid-orange-gradient-background has-text-color has-background has-link-color wp-elements-59e9b09b2d7e2fb3ba50f8dcb0fb8cf7\">Mardi 12 ao\u00fbt<\/h3>\n\n\n\n<blockquote class=\"wp-block-quote has-text-align-left is-layout-flow wp-block-quote-is-layout-flow\">\n<p><\/p>\n<\/blockquote>\n\n\n\n<h3 class=\"wp-block-heading has-text-align-center has-white-color has-luminous-vivid-amber-to-luminous-vivid-orange-gradient-background has-text-color has-background has-link-color wp-elements-7b2ed204d6328bf55e4728859729e0e2\">Mercredi 13 ao\u00fbt<\/h3>\n\n\n\n<blockquote class=\"wp-block-quote has-text-align-left is-layout-flow wp-block-quote-is-layout-flow\">\n<p><\/p>\n<\/blockquote>\n\n\n\n<h3 class=\"wp-block-heading has-text-align-center has-white-color has-luminous-vivid-amber-to-luminous-vivid-orange-gradient-background has-text-color has-background has-link-color wp-elements-d891b1659e3f654e109817a217b936c2\">Jeudi 14 ao\u00fbt<\/h3>\n\n\n\n<blockquote class=\"wp-block-quote has-text-align-left is-layout-flow wp-block-quote-is-layout-flow\">\n<p><\/p>\n<\/blockquote>\n\n\n\n<h3 class=\"wp-block-heading has-text-align-center has-white-color has-luminous-vivid-amber-to-luminous-vivid-orange-gradient-background has-text-color has-background has-link-color wp-elements-6bdde3896671ff5f721a344df297cbfd\">Vendredi 15 ao\u00fbt<\/h3>\n\n\n\n<blockquote class=\"wp-block-quote has-text-align-left is-layout-flow wp-block-quote-is-layout-flow\">\n<p><\/p>\n<\/blockquote>\n\n\n\n<p><\/p>\n","protected":false},"excerpt":{"rendered":"<p>Une pr\u00e9dication pens\u00e9e par des femmes, donn\u00e9e par des femmes, \u00e0 destination des femmes\u2026 et des hommes ! Les pr\u00e9dication au f\u00e9minin ont lieu \u00e0 14h45 sur le parvis de l&rsquo;\u00e9glise Notre-Dame-des-Passes \u27bd La beaut\u00e9 au quotidien Vendredi 8 ao\u00fbt Samedi 9ao\u00fbt Dimanche 1ao\u00fbt Lundi 11 ao\u00fbt Mardi 12 ao\u00fbt Mercredi 13 ao\u00fbt Jeudi 14 &hellip; <a href=\"https:\/\/weekop.dominicains.com\/index.php\/accueil\/se-former\/predication-au-feminin\/\" class=\"more-link\">Continuer la lecture<span class=\"screen-reader-text\"> de &laquo;&nbsp;Pr\u00e9dication au f\u00e9minin&nbsp;&raquo;<\/span><\/a><\/p>\n","protected":false},"author":1,"featured_media":0,"parent":450,"menu_order":0,"comment_status":"closed","ping_status":"closed","template":"","meta":{"footnotes":""},"class_list":["post-379","page","type-page","status-publish","hentry"],"_links":{"self":[{"href":"https:\/\/weekop.dominicains.com\/index.php\/wp-json\/wp\/v2\/pages\/379","targetHints":{"allow":["GET"]}}],"collection":[{"href":"https:\/\/weekop.dominicains.com\/index.php\/wp-json\/wp\/v2\/pages"}],"about":[{"href":"https:\/\/weekop.dominicains.com\/index.php\/wp-json\/wp\/v2\/types\/page"}],"author":[{"embeddable":true,"href":"https:\/\/weekop.dominicains.com\/index.php\/wp-json\/wp\/v2\/users\/1"}],"replies":[{"embeddable":true,"href":"https:\/\/weekop.dominicains.com\/index.php\/wp-json\/wp\/v2\/comments?post=379"}],"version-history":[{"count":18,"href":"https:\/\/weekop.dominicains.com\/index.php\/wp-json\/wp\/v2\/pages\/379\/revisions"}],"predecessor-version":[{"id":1683,"href":"https:\/\/weekop.dominicains.com\/index.php\/wp-json\/wp\/v2\/pages\/379\/revisions\/1683"}],"up":[{"embeddable":true,"href":"https:\/\/weekop.dominicains.com\/index.php\/wp-json\/wp\/v2\/pages\/450"}],"wp:attachment":[{"href":"https:\/\/weekop.dominicains.com\/index.php\/wp-json\/wp\/v2\/media?parent=379"}],"curies":[{"name":"wp","href":"https:\/\/api.w.org\/{rel}","templated":true}]}}