{"id":450,"date":"2023-08-02T15:10:45","date_gmt":"2023-08-02T13:10:45","guid":{"rendered":"https:\/\/weekop.dominicains.com\/?page_id=450"},"modified":"2025-08-06T11:27:19","modified_gmt":"2025-08-06T09:27:19","slug":"se-former","status":"publish","type":"page","link":"https:\/\/weekop.dominicains.com\/index.php\/accueil\/se-former\/","title":{"rendered":"Se former"},"content":{"rendered":"\n<p>A l&rsquo;\u00e9glise Notre-Dame-des-Passes <a href=\"https:\/\/goo.gl\/maps\/cz9d15TEbXPP2Ba67\">\u27bd<\/a><\/p>\n\n\n\n<p>L&rsquo;une des devises de l&rsquo;Ordre des Pr\u00eacheurs est \u00ab\u00a0<em>Contemplata aliis tradere<\/em>\u00a0\u00bb autrement dit \u00ab\u00a0<em>communiquer aux autres le fruit de ce que l&rsquo;on a contempl\u00e9<\/em>\u00a0\u00bb .<\/p>\n\n\n\n<h3 class=\"wp-block-heading has-text-align-center\"><strong>Contempler<\/strong><\/h3>\n\n\n\n<p>Pour les fr\u00e8res dominicaines, <strong>contempler <\/strong>signifie contempler le myst\u00e8re de Dieu, dans la pri\u00e8re, l&rsquo;\u00e9tude assidue, et la vie fraternelle !<\/p>\n\n\n\n<h3 class=\"wp-block-heading has-text-align-center\"><strong>Pr\u00eacher<\/strong><\/h3>\n\n\n\n<p>Pour les fr\u00e8res dominicains, <strong>pr\u00eacher <\/strong>signifie pr\u00eacher ce qu&rsquo;ils ont contempl\u00e9, par la <em>parole <\/em>(pr\u00e9dication &amp; enseignement) et par <em>l&rsquo;exemple<\/em>&nbsp;(vie apostolique : pauvre, chaste et ob\u00e9issante).<\/p>\n\n\n\n<p>Pendant la Week OP, la pr\u00e9dication de la Bonne Nouvelle prend des formes vari\u00e9es :<\/p>\n\n\n\n<div class=\"wp-block-buttons is-vertical is-content-justification-center is-layout-flex wp-container-core-buttons-is-layout-4649e89c wp-block-buttons-is-layout-flex\">\n<div class=\"wp-block-button has-custom-width wp-block-button__width-100 is-style-fill\"><a class=\"wp-block-button__link has-background wp-element-button\" href=\"https:\/\/weekop.dominicains.com\/index.php\/accueil\/se-former\/retraite-spirituelle\/\" style=\"background-color:#153f6a\">Retraite spirituelle<\/a><\/div>\n\n\n\n<div class=\"wp-block-button has-custom-width wp-block-button__width-100 is-style-fill\"><a class=\"wp-block-button__link has-white-color has-text-color has-background has-link-color wp-element-button\" href=\"https:\/\/weekop.dominicains.com\/index.php\/accueil\/se-former\/predication-au-feminin\/\" style=\"background-color:#153f6a\">Pr\u00e9dication au f\u00e9minin<\/a><\/div>\n\n\n\n<div class=\"wp-block-button has-custom-width wp-block-button__width-100 is-style-fill\"><a class=\"wp-block-button__link has-background wp-element-button\" href=\"https:\/\/weekop.dominicains.com\/index.php\/accueil\/se-former\/apero-topo\/\" style=\"background-color:#153f6a\">Ap\u00e9ro topo<\/a><\/div>\n\n\n\n<div class=\"wp-block-button has-custom-width wp-block-button__width-100 is-style-fill\"><a class=\"wp-block-button__link has-white-color has-text-color has-background has-link-color wp-element-button\" href=\"https:\/\/weekop.dominicains.com\/index.php\/accueil\/se-former\/conference\/\" style=\"background-color:#153f6a\">Conf\u00e9rences<\/a><\/div>\n\n\n\n<div class=\"wp-block-button has-custom-width wp-block-button__width-100 is-style-fill\"><a class=\"wp-block-button__link has-white-color has-text-color has-background has-link-color wp-element-button\" href=\"https:\/\/weekop.dominicains.com\/index.php\/accueil\/se-former\/ecole-de-priere\/\" style=\"background-color:#153f6a\">Ecole de pri\u00e8re<\/a><\/div>\n<\/div>\n\n\n\n<p><\/p>\n","protected":false},"excerpt":{"rendered":"<p>A l&rsquo;\u00e9glise Notre-Dame-des-Passes \u27bd L&rsquo;une des devises de l&rsquo;Ordre des Pr\u00eacheurs est \u00ab\u00a0Contemplata aliis tradere\u00a0\u00bb autrement dit \u00ab\u00a0communiquer aux autres le fruit de ce que l&rsquo;on a contempl\u00e9\u00a0\u00bb . Contempler Pour les fr\u00e8res dominicaines, contempler signifie contempler le myst\u00e8re de Dieu, dans la pri\u00e8re, l&rsquo;\u00e9tude assidue, et la vie fraternelle ! Pr\u00eacher Pour les fr\u00e8res &hellip; <a href=\"https:\/\/weekop.dominicains.com\/index.php\/accueil\/se-former\/\" class=\"more-link\">Continuer la lecture<span class=\"screen-reader-text\"> de &laquo;&nbsp;Se former&nbsp;&raquo;<\/span><\/a><\/p>\n","protected":false},"author":1,"featured_media":0,"parent":7,"menu_order":0,"comment_status":"closed","ping_status":"closed","template":"","meta":{"footnotes":""},"class_list":["post-450","page","type-page","status-publish","hentry"],"_links":{"self":[{"href":"https:\/\/weekop.dominicains.com\/index.php\/wp-json\/wp\/v2\/pages\/450","targetHints":{"allow":["GET"]}}],"collection":[{"href":"https:\/\/weekop.dominicains.com\/index.php\/wp-json\/wp\/v2\/pages"}],"about":[{"href":"https:\/\/weekop.dominicains.com\/index.php\/wp-json\/wp\/v2\/types\/page"}],"author":[{"embeddable":true,"href":"https:\/\/weekop.dominicains.com\/index.php\/wp-json\/wp\/v2\/users\/1"}],"replies":[{"embeddable":true,"href":"https:\/\/weekop.dominicains.com\/index.php\/wp-json\/wp\/v2\/comments?post=450"}],"version-history":[{"count":39,"href":"https:\/\/weekop.dominicains.com\/index.php\/wp-json\/wp\/v2\/pages\/450\/revisions"}],"predecessor-version":[{"id":1620,"href":"https:\/\/weekop.dominicains.com\/index.php\/wp-json\/wp\/v2\/pages\/450\/revisions\/1620"}],"up":[{"embeddable":true,"href":"https:\/\/weekop.dominicains.com\/index.php\/wp-json\/wp\/v2\/pages\/7"}],"wp:attachment":[{"href":"https:\/\/weekop.dominicains.com\/index.php\/wp-json\/wp\/v2\/media?parent=450"}],"curies":[{"name":"wp","href":"https:\/\/api.w.org\/{rel}","templated":true}]}}