{"id":573,"date":"2023-08-03T10:53:38","date_gmt":"2023-08-03T08:53:38","guid":{"rendered":"https:\/\/weekop.dominicains.com\/?page_id=573"},"modified":"2025-08-06T15:45:21","modified_gmt":"2025-08-06T13:45:21","slug":"se-divertir","status":"publish","type":"page","link":"https:\/\/weekop.dominicains.com\/index.php\/accueil\/se-divertir\/","title":{"rendered":"Se divertir"},"content":{"rendered":"\n<p>Retrouvez-nous <strong>tous les jours d\u00e8s 15h30 sur la plage<\/strong> ou <strong>sur le parvis<\/strong> de l&rsquo;\u00e9glise Notre-Dame des Passes<a href=\"https:\/\/goo.gl\/maps\/cz9d15TEbXPP2Ba67\">\u27bd<\/a><\/p>\n\n\n\n<h2 class=\"wp-block-heading has-text-align-center has-luminous-vivid-amber-to-luminous-vivid-orange-gradient-background has-background\">Au programme :<\/h2>\n\n\n\n<div class=\"wp-block-media-text is-vertically-aligned-center\"><figure class=\"wp-block-media-text__media\"><img loading=\"lazy\" decoding=\"async\" width=\"938\" height=\"942\" src=\"https:\/\/weekop.dominicains.com\/wp-content\/uploads\/2023\/08\/partenaire_4-douceur_angelique-1.jpg\" alt=\"\" class=\"wp-image-1012 size-full\" srcset=\"https:\/\/weekop.dominicains.com\/wp-content\/uploads\/2023\/08\/partenaire_4-douceur_angelique-1.jpg 938w, https:\/\/weekop.dominicains.com\/wp-content\/uploads\/2023\/08\/partenaire_4-douceur_angelique-1-300x300.jpg 300w, https:\/\/weekop.dominicains.com\/wp-content\/uploads\/2023\/08\/partenaire_4-douceur_angelique-1-150x150.jpg 150w, https:\/\/weekop.dominicains.com\/wp-content\/uploads\/2023\/08\/partenaire_4-douceur_angelique-1-768x771.jpg 768w\" sizes=\"auto, (max-width: 709px) 85vw, (max-width: 909px) 67vw, (max-width: 1362px) 62vw, 840px\" \/><\/figure><div class=\"wp-block-media-text__content\">\n<p>Visites de l&rsquo;\u00e9glise,<br>Boutique monastique,<br>Biblioth\u00e8que estivale,<br>Jeux de plage et de soci\u00e9t\u00e9,<br>Caf\u00e9-bar&#8230;<\/p>\n<\/div><\/div>\n\n\n\n<h2 class=\"wp-block-heading has-text-align-center has-luminous-vivid-amber-to-luminous-vivid-orange-gradient-background has-background\">Nos \u00e9v\u00e9nements sp\u00e9ciaux :<\/h2>\n\n\n\n<h3 class=\"wp-block-heading\">Lundi 11 ao\u00fbt<\/h3>\n\n\n\n<div class=\"wp-block-columns are-vertically-aligned-center is-not-stacked-on-mobile is-layout-flex wp-container-core-columns-is-layout-9d6595d7 wp-block-columns-is-layout-flex\">\n<div class=\"wp-block-column is-vertically-aligned-center is-layout-flow wp-block-column-is-layout-flow\" style=\"flex-basis:25%\">\n<p class=\"has-text-align-center\">11h<\/p>\n<\/div>\n\n\n\n<div class=\"wp-block-column is-vertically-aligned-center is-layout-flow wp-block-column-is-layout-flow\" style=\"flex-basis:75%\">\n<p><a href=\"https:\/\/weekop.dominicains.com\/index.php\/crosssablechallenge\/\">Cross Sable Challenge<\/a><\/p>\n<\/div>\n<\/div>\n\n\n\n<div class=\"wp-block-columns are-vertically-aligned-center is-not-stacked-on-mobile is-layout-flex wp-container-core-columns-is-layout-9d6595d7 wp-block-columns-is-layout-flex\">\n<div class=\"wp-block-column is-vertically-aligned-center is-layout-flow wp-block-column-is-layout-flow\" style=\"flex-basis:25%\">\n<p class=\"has-text-align-center\">20h<\/p>\n<\/div>\n\n\n\n<div class=\"wp-block-column is-vertically-aligned-center is-layout-flow wp-block-column-is-layout-flow\" style=\"flex-basis:75%\">\n<p><a href=\"https:\/\/weekop.dominicains.com\/index.php\/accueil\/se-divertir\/diner-des-moines\/\">D\u00eener des moines<\/a><\/p>\n<\/div>\n<\/div>\n\n\n\n<h3 class=\"wp-block-heading\">Vendredi 15 ao\u00fbt<\/h3>\n\n\n\n<div class=\"wp-block-columns are-vertically-aligned-center is-not-stacked-on-mobile is-layout-flex wp-container-core-columns-is-layout-9d6595d7 wp-block-columns-is-layout-flex\">\n<div class=\"wp-block-column is-vertically-aligned-center is-layout-flow wp-block-column-is-layout-flow\" style=\"flex-basis:25%\">\n<p class=\"has-text-align-center\">d\u00e8s 15h30<\/p>\n<\/div>\n\n\n\n<div class=\"wp-block-column is-vertically-aligned-center is-layout-flow wp-block-column-is-layout-flow\" style=\"flex-basis:75%\">\n<p><a href=\"https:\/\/weekop.dominicains.com\/index.php\/accueil\/se-divertir\/les-grands-jo-du-moulleau\/\">Les Grands JO du Moulleau<\/a><\/p>\n<\/div>\n<\/div>\n","protected":false},"excerpt":{"rendered":"<p>Retrouvez-nous tous les jours d\u00e8s 15h30 sur la plage ou sur le parvis de l&rsquo;\u00e9glise Notre-Dame des Passes\u27bd Au programme : Visites de l&rsquo;\u00e9glise,Boutique monastique,Biblioth\u00e8que estivale,Jeux de plage et de soci\u00e9t\u00e9,Caf\u00e9-bar&#8230; Nos \u00e9v\u00e9nements sp\u00e9ciaux : Lundi 11 ao\u00fbt 11h Cross Sable Challenge 20h D\u00eener des moines Vendredi 15 ao\u00fbt d\u00e8s 15h30 Les Grands JO du &hellip; <a href=\"https:\/\/weekop.dominicains.com\/index.php\/accueil\/se-divertir\/\" class=\"more-link\">Continuer la lecture<span class=\"screen-reader-text\"> de &laquo;&nbsp;Se divertir&nbsp;&raquo;<\/span><\/a><\/p>\n","protected":false},"author":1,"featured_media":0,"parent":7,"menu_order":0,"comment_status":"closed","ping_status":"closed","template":"","meta":{"footnotes":""},"class_list":["post-573","page","type-page","status-publish","hentry"],"_links":{"self":[{"href":"https:\/\/weekop.dominicains.com\/index.php\/wp-json\/wp\/v2\/pages\/573","targetHints":{"allow":["GET"]}}],"collection":[{"href":"https:\/\/weekop.dominicains.com\/index.php\/wp-json\/wp\/v2\/pages"}],"about":[{"href":"https:\/\/weekop.dominicains.com\/index.php\/wp-json\/wp\/v2\/types\/page"}],"author":[{"embeddable":true,"href":"https:\/\/weekop.dominicains.com\/index.php\/wp-json\/wp\/v2\/users\/1"}],"replies":[{"embeddable":true,"href":"https:\/\/weekop.dominicains.com\/index.php\/wp-json\/wp\/v2\/comments?post=573"}],"version-history":[{"count":21,"href":"https:\/\/weekop.dominicains.com\/index.php\/wp-json\/wp\/v2\/pages\/573\/revisions"}],"predecessor-version":[{"id":1667,"href":"https:\/\/weekop.dominicains.com\/index.php\/wp-json\/wp\/v2\/pages\/573\/revisions\/1667"}],"up":[{"embeddable":true,"href":"https:\/\/weekop.dominicains.com\/index.php\/wp-json\/wp\/v2\/pages\/7"}],"wp:attachment":[{"href":"https:\/\/weekop.dominicains.com\/index.php\/wp-json\/wp\/v2\/media?parent=573"}],"curies":[{"name":"wp","href":"https:\/\/api.w.org\/{rel}","templated":true}]}}