{"id":575,"date":"2023-08-03T11:07:33","date_gmt":"2023-08-03T09:07:33","guid":{"rendered":"https:\/\/weekop.dominicains.com\/?page_id=575"},"modified":"2025-08-06T15:13:08","modified_gmt":"2025-08-06T13:13:08","slug":"diner-des-moines","status":"publish","type":"page","link":"https:\/\/weekop.dominicains.com\/index.php\/accueil\/se-divertir\/diner-des-moines\/","title":{"rendered":"D\u00eener des moines"},"content":{"rendered":"\n<figure class=\"wp-block-image size-large\"><img loading=\"lazy\" decoding=\"async\" width=\"1024\" height=\"680\" src=\"https:\/\/weekop.dominicains.com\/wp-content\/uploads\/2023\/08\/m-diner-des-moines1-1024x680.jpg\" alt=\"\" class=\"wp-image-576\" srcset=\"https:\/\/weekop.dominicains.com\/wp-content\/uploads\/2023\/08\/m-diner-des-moines1-1024x680.jpg 1024w, https:\/\/weekop.dominicains.com\/wp-content\/uploads\/2023\/08\/m-diner-des-moines1-300x199.jpg 300w, https:\/\/weekop.dominicains.com\/wp-content\/uploads\/2023\/08\/m-diner-des-moines1-768x510.jpg 768w, https:\/\/weekop.dominicains.com\/wp-content\/uploads\/2023\/08\/m-diner-des-moines1.jpg 1083w\" sizes=\"auto, (max-width: 709px) 85vw, (max-width: 909px) 67vw, (max-width: 1362px) 62vw, 840px\" \/><\/figure>\n\n\n\n<p>Comme chaque ann\u00e9e, nous donnons un banquet.<\/p>\n\n\n\n<p>Nous vous donnons rendez-vous <strong>lundi 11 ao\u00fbt \u00e0 20h<\/strong> sur le parvis de l&rsquo;\u00e9glise Notre-Dame-des-Passes au Moulleau <a href=\"https:\/\/goo.gl\/maps\/cz9d15TEbXPP2Ba67\">\u27bd<\/a><\/p>\n\n\n\n<div class=\"wp-block-columns is-not-stacked-on-mobile is-layout-flex wp-container-core-columns-is-layout-9d6595d7 wp-block-columns-is-layout-flex\">\n<div class=\"wp-block-column is-vertically-aligned-center is-layout-flow wp-block-column-is-layout-flow\">\n<p style=\"font-style:italic;font-weight:100\">Tenue : blanc<\/p>\n<\/div>\n\n\n\n<div class=\"wp-block-column is-vertically-aligned-center is-layout-flow wp-block-column-is-layout-flow\">\n<p class=\"has-text-align-right\" style=\"font-style:italic;font-weight:100\">Entr\u00e9e libre<\/p>\n<\/div>\n<\/div>\n\n\n\n<p>Nous fournissions les grillades, nous vous laissons le soin d&rsquo;apporter l&rsquo;entr\u00e9e et le dessert (n&rsquo;oubliez pas vos couverts !).<\/p>\n\n\n\n<p>Merci de vous inscrire en cliquant sur le bouton ou par SMS au 0766055655.<\/p>\n\n\n\n<div class=\"wp-block-buttons is-content-justification-center is-layout-flex wp-container-core-buttons-is-layout-16018d1d wp-block-buttons-is-layout-flex\">\n<div class=\"wp-block-button is-style-fill\"><a class=\"wp-block-button__link has-luminous-vivid-amber-to-luminous-vivid-orange-gradient-background has-background wp-element-button\" href=\"https:\/\/docs.google.com\/forms\/d\/e\/1FAIpQLSe71uqBJE3MTe9j_S6rqIdVQtU00kdtj3mdaShXEO76EXkiMw\/viewform?usp=dialog\">Joignez-vous \u00e0 nous !<\/a><\/div>\n<\/div>\n\n\n\n<p><\/p>\n","protected":false},"excerpt":{"rendered":"<p>Comme chaque ann\u00e9e, nous donnons un banquet. Nous vous donnons rendez-vous lundi 11 ao\u00fbt \u00e0 20h sur le parvis de l&rsquo;\u00e9glise Notre-Dame-des-Passes au Moulleau \u27bd Tenue : blanc Entr\u00e9e libre Nous fournissions les grillades, nous vous laissons le soin d&rsquo;apporter l&rsquo;entr\u00e9e et le dessert (n&rsquo;oubliez pas vos couverts !). Merci de vous inscrire en cliquant &hellip; <a href=\"https:\/\/weekop.dominicains.com\/index.php\/accueil\/se-divertir\/diner-des-moines\/\" class=\"more-link\">Continuer la lecture<span class=\"screen-reader-text\"> de &laquo;&nbsp;D\u00eener des moines&nbsp;&raquo;<\/span><\/a><\/p>\n","protected":false},"author":1,"featured_media":0,"parent":573,"menu_order":0,"comment_status":"closed","ping_status":"closed","template":"","meta":{"footnotes":""},"class_list":["post-575","page","type-page","status-publish","hentry"],"_links":{"self":[{"href":"https:\/\/weekop.dominicains.com\/index.php\/wp-json\/wp\/v2\/pages\/575","targetHints":{"allow":["GET"]}}],"collection":[{"href":"https:\/\/weekop.dominicains.com\/index.php\/wp-json\/wp\/v2\/pages"}],"about":[{"href":"https:\/\/weekop.dominicains.com\/index.php\/wp-json\/wp\/v2\/types\/page"}],"author":[{"embeddable":true,"href":"https:\/\/weekop.dominicains.com\/index.php\/wp-json\/wp\/v2\/users\/1"}],"replies":[{"embeddable":true,"href":"https:\/\/weekop.dominicains.com\/index.php\/wp-json\/wp\/v2\/comments?post=575"}],"version-history":[{"count":15,"href":"https:\/\/weekop.dominicains.com\/index.php\/wp-json\/wp\/v2\/pages\/575\/revisions"}],"predecessor-version":[{"id":1656,"href":"https:\/\/weekop.dominicains.com\/index.php\/wp-json\/wp\/v2\/pages\/575\/revisions\/1656"}],"up":[{"embeddable":true,"href":"https:\/\/weekop.dominicains.com\/index.php\/wp-json\/wp\/v2\/pages\/573"}],"wp:attachment":[{"href":"https:\/\/weekop.dominicains.com\/index.php\/wp-json\/wp\/v2\/media?parent=575"}],"curies":[{"name":"wp","href":"https:\/\/api.w.org\/{rel}","templated":true}]}}